{"id":2044,"date":"2022-04-11T06:10:08","date_gmt":"2022-04-11T06:10:08","guid":{"rendered":"https:\/\/www.expertexecutiverecruiters.com\/sourcing\/"},"modified":"2023-01-31T11:00:08","modified_gmt":"2023-01-31T11:00:08","slug":"sourcing","status":"publish","type":"page","link":"https:\/\/www.expertexecutiverecruiters.com\/pl\/sourcing\/","title":{"rendered":"Sourcing"},"content":{"rendered":"\t\t<div data-elementor-type=\"wp-page\" data-elementor-id=\"2044\" class=\"elementor elementor-2044 elementor-549\">\n\t\t\t\t\t\t\t\t\t<section data-eae-particle=\"{\n  &quot;particles&quot;: {\n    &quot;number&quot;: {\n      &quot;value&quot;: 100,\n      &quot;density&quot;: {\n        &quot;enable&quot;: true,\n        &quot;value_area&quot;: 800\n      }\n    },\n    &quot;color&quot;: {\n      &quot;value&quot;: &quot;#5c5a96&quot;\n    },\n    &quot;shape&quot;: {\n      &quot;type&quot;: &quot;circle&quot;,\n      &quot;stroke&quot;: {\n        &quot;width&quot;: 0,\n        &quot;color&quot;: &quot;#5c5a96&quot;\n      },\n      &quot;polygon&quot;: {\n        &quot;nb_sides&quot;: 5\n      },\n      &quot;image&quot;: {\n        &quot;src&quot;: &quot;img\/github.svg&quot;,\n        &quot;width&quot;: 100,\n        &quot;height&quot;: 100\n      }\n    },\n    &quot;opacity&quot;: {\n      &quot;value&quot;: 0.5,\n      &quot;random&quot;: false,\n      &quot;anim&quot;: {\n        &quot;enable&quot;: false,\n        &quot;speed&quot;: 1,\n        &quot;opacity_min&quot;: 0.1,\n        &quot;sync&quot;: false\n      }\n    },\n    &quot;size&quot;: {\n      &quot;value&quot;: 3,\n      &quot;random&quot;: true,\n      &quot;anim&quot;: {\n        &quot;enable&quot;: false,\n        &quot;speed&quot;: 40,\n        &quot;size_min&quot;: 0.1,\n        &quot;sync&quot;: false\n      }\n    },\n    &quot;line_linked&quot;: {\n      &quot;enable&quot;: true,\n      &quot;distance&quot;: 150,\n      &quot;color&quot;: &quot;#5c5a96&quot;,\n      &quot;opacity&quot;: 0.4,\n      &quot;width&quot;: 1\n    },\n    &quot;move&quot;: {\n      &quot;enable&quot;: true,\n      &quot;speed&quot;: 6,\n      &quot;direction&quot;: &quot;none&quot;,\n      &quot;random&quot;: false,\n      &quot;straight&quot;: false,\n      &quot;out_mode&quot;: &quot;out&quot;,\n      &quot;bounce&quot;: false,\n      &quot;attract&quot;: {\n        &quot;enable&quot;: false,\n        &quot;rotateX&quot;: 600,\n        &quot;rotateY&quot;: 1200\n      }\n    }\n  },\n  &quot;interactivity&quot;: {\n    &quot;detect_on&quot;: &quot;canvas&quot;,\n    &quot;events&quot;: {\n      &quot;onhover&quot;: {\n        &quot;enable&quot;: true,\n        &quot;mode&quot;: &quot;repulse&quot;\n      },\n      &quot;onclick&quot;: {\n        &quot;enable&quot;: true,\n        &quot;mode&quot;: &quot;push&quot;\n      },\n      &quot;resize&quot;: true\n    },\n    &quot;modes&quot;: {\n      &quot;grab&quot;: {\n        &quot;distance&quot;: 400,\n        &quot;line_linked&quot;: {\n          &quot;opacity&quot;: 1\n        }\n      },\n      &quot;bubble&quot;: {\n        &quot;distance&quot;: 400,\n        &quot;size&quot;: 40,\n        &quot;duration&quot;: 2,\n        &quot;opacity&quot;: 8,\n        &quot;speed&quot;: 3\n      },\n      &quot;repulse&quot;: {\n        &quot;distance&quot;: 200,\n        &quot;duration&quot;: 0.4\n      },\n      &quot;push&quot;: {\n        &quot;particles_nb&quot;: 4\n      },\n      &quot;remove&quot;: {\n        &quot;particles_nb&quot;: 2\n      }\n    }\n  },\n  &quot;retina_detect&quot;: true\n}\" class=\"has_eae_slider elementor-section elementor-top-section elementor-element elementor-element-663d7cf4 elementor-section-full_width eae-particle-yes elementor-section-height-default elementor-section-height-default\" data-id=\"663d7cf4\" data-element_type=\"section\">\n\t\t\t\t\t\t<div class=\"elementor-container elementor-column-gap-default\">\n\t\t\t\t\t<div class=\"has_eae_slider elementor-column elementor-col-100 elementor-top-column elementor-element elementor-element-100e804e\" data-id=\"100e804e\" data-element_type=\"column\">\n\t\t\t<div class=\"elementor-widget-wrap elementor-element-populated\">\n\t\t\t\t\t\t\t\t<section class=\"has_eae_slider elementor-section elementor-inner-section elementor-element elementor-element-f169f90 elementor-section-boxed elementor-section-height-default elementor-section-height-default\" data-id=\"f169f90\" data-element_type=\"section\">\n\t\t\t\t\t\t<div class=\"elementor-container elementor-column-gap-default\">\n\t\t\t\t\t<div class=\"has_eae_slider elementor-column elementor-col-50 elementor-inner-column elementor-element elementor-element-2ad61a01 serv_global\" data-id=\"2ad61a01\" data-element_type=\"column\">\n\t\t\t<div class=\"elementor-widget-wrap elementor-element-populated\">\n\t\t\t\t\t\t\t\t<div class=\"elementor-element elementor-element-21ce6f2 inner_title elementor-invisible elementor-widget elementor-widget-heading\" data-id=\"21ce6f2\" data-element_type=\"widget\" data-settings=\"{&quot;_animation&quot;:&quot;fadeInUp&quot;,&quot;_animation_delay&quot;:100}\" data-widget_type=\"heading.default\">\n\t\t\t\t<div class=\"elementor-widget-container\">\n\t\t\t<style>\/*! elementor - v3.8.0 - 30-10-2022 *\/\n.elementor-heading-title{padding:0;margin:0;line-height:1}.elementor-widget-heading .elementor-heading-title[class*=elementor-size-]>a{color:inherit;font-size:inherit;line-height:inherit}.elementor-widget-heading .elementor-heading-title.elementor-size-small{font-size:15px}.elementor-widget-heading .elementor-heading-title.elementor-size-medium{font-size:19px}.elementor-widget-heading .elementor-heading-title.elementor-size-large{font-size:29px}.elementor-widget-heading .elementor-heading-title.elementor-size-xl{font-size:39px}.elementor-widget-heading .elementor-heading-title.elementor-size-xxl{font-size:59px}<\/style><h1 class=\"elementor-heading-title elementor-size-default\">Sourcing W Rekrutacjach Globalnych <\/h1>\t\t<\/div>\n\t\t\t\t<\/div>\n\t\t\t\t<div class=\"elementor-element elementor-element-4065e05c elementor-widget__width-initial elementor-invisible elementor-widget elementor-widget-text-editor\" data-id=\"4065e05c\" data-element_type=\"widget\" data-settings=\"{&quot;_animation&quot;:&quot;fadeInUp&quot;,&quot;_animation_delay&quot;:100}\" data-widget_type=\"text-editor.default\">\n\t\t\t\t<div class=\"elementor-widget-container\">\n\t\t\t<style>\/*! elementor - v3.8.0 - 30-10-2022 *\/\n.elementor-widget-text-editor.elementor-drop-cap-view-stacked .elementor-drop-cap{background-color:#818a91;color:#fff}.elementor-widget-text-editor.elementor-drop-cap-view-framed .elementor-drop-cap{color:#818a91;border:3px solid;background-color:transparent}.elementor-widget-text-editor:not(.elementor-drop-cap-view-default) .elementor-drop-cap{margin-top:8px}.elementor-widget-text-editor:not(.elementor-drop-cap-view-default) .elementor-drop-cap-letter{width:1em;height:1em}.elementor-widget-text-editor .elementor-drop-cap{float:left;text-align:center;line-height:1;font-size:50px}.elementor-widget-text-editor .elementor-drop-cap-letter{display:inline-block}<\/style>\t\t\t\t<h3>Wyzwania w sourcingu dla rekrutacji globalnych<\/h3><p>Je\u017celi chcesz wyprzedzi\u0107 swoj\u0105 konkurencj\u0119, przyci\u0105gni\u0119cie najbardziej utalentowanych pracownik\u00f3w jest kluczowe dla przysz\u0142o\u015bci twojej organizacji.<\/p><p>Aby to zrobi\u0107, konieczne jest zastosowanie w\u0142a\u015bciwie dobranej strategii sourcingu kandydat\u00f3w.Warto pami\u0119ta\u0107, \u017ce zagraniczny kandydat najpewniej nie zna twojej firmy, st\u0105d odpowiednia forma komunikacji ma ogromny wp\u0142yw na efektywno\u015b\u0107 ca\u0142ej rekrutacji.<\/p>\t\t\t\t\t\t<\/div>\n\t\t\t\t<\/div>\n\t\t\t\t<div class=\"elementor-element elementor-element-64ebd305 elementor-widget__width-initial elementor-invisible elementor-widget elementor-widget-text-editor\" data-id=\"64ebd305\" data-element_type=\"widget\" data-settings=\"{&quot;_animation&quot;:&quot;fadeInUp&quot;,&quot;_animation_delay&quot;:100}\" data-widget_type=\"text-editor.default\">\n\t\t\t\t<div class=\"elementor-widget-container\">\n\t\t\t\t\t\t\t<h3>EER Global \u2013 rozwi\u0105zania z zakresu sourcingu<\/h3><p>Pierwszym i najwa\u017cniejszym etapem jest zrozumienie oczekiwa\u0144 klienta i doszczeg\u00f3\u0142owienie wymaga\u0144 na otwarte stanowiska.<\/p><p>Kolejne kroki to:<\/p><ul><li>Zebranie kluczowych informacji o kandydacie, w\u0142\u0105cznie z \u017cyciorysami oraz informacjami na temat prowadzonych projekt\u00f3w<\/li><li>Pre-screening kandydat\u00f3w przez pryzmat kluczowych dla stanowiska kompetencji<\/li><li>Kontakt z kandydatami w sprawie otwartych pozycji klienta oraz budowanie d\u0142ugofalowych relacji z potencjalnymi kandydatami, aby zoptymalizowa\u0107 aktualne oraz przysz\u0142e rekrutacje<\/li><\/ul>\t\t\t\t\t\t<\/div>\n\t\t\t\t<\/div>\n\t\t\t\t<div class=\"elementor-element elementor-element-739edb9 elementor-invisible elementor-widget elementor-widget-global elementor-global-3774 elementor-widget-shortcode\" data-id=\"739edb9\" data-element_type=\"widget\" data-settings=\"{&quot;_animation&quot;:&quot;fadeInUp&quot;,&quot;_animation_delay&quot;:100}\" data-widget_type=\"shortcode.default\">\n\t\t\t\t<div class=\"elementor-widget-container\">\n\t\t\t\t\t<div class=\"elementor-shortcode\"><\/div>\n\t\t\t\t<\/div>\n\t\t\t\t<\/div>\n\t\t\t\t\t<\/div>\n\t\t<\/div>\n\t\t\t\t<div class=\"has_eae_slider elementor-column elementor-col-50 elementor-inner-column elementor-element elementor-element-9787ad8\" data-id=\"9787ad8\" data-element_type=\"column\">\n\t\t\t<div class=\"elementor-widget-wrap elementor-element-populated\">\n\t\t\t\t\t\t\t\t<div class=\"elementor-element elementor-element-7c60898b elementor-invisible elementor-widget elementor-widget-image\" data-id=\"7c60898b\" data-element_type=\"widget\" data-settings=\"{&quot;_animation&quot;:&quot;fadeInRight&quot;,&quot;_animation_delay&quot;:100}\" data-widget_type=\"image.default\">\n\t\t\t\t<div class=\"elementor-widget-container\">\n\t\t\t<style>\/*! elementor - v3.8.0 - 30-10-2022 *\/\n.elementor-widget-image{text-align:center}.elementor-widget-image a{display:inline-block}.elementor-widget-image a img[src$=\".svg\"]{width:48px}.elementor-widget-image img{vertical-align:middle;display:inline-block}<\/style>\t\t\t\t\t\t\t\t\t\t\t\t<img decoding=\"async\" width=\"367\" height=\"367\" src=\"https:\/\/www.expertexecutiverecruiters.com\/wp-content\/uploads\/2022\/04\/Sourcing.png\" class=\"attachment-full size-full\" alt=\"Sourcing\" srcset=\"https:\/\/www.expertexecutiverecruiters.com\/wp-content\/uploads\/2022\/04\/Sourcing.png 367w, https:\/\/www.expertexecutiverecruiters.com\/wp-content\/uploads\/2022\/04\/Sourcing-300x300.png 300w, https:\/\/www.expertexecutiverecruiters.com\/wp-content\/uploads\/2022\/04\/Sourcing-150x150.png 150w\" sizes=\"(max-width: 367px) 100vw, 367px\" \/>\t\t\t\t\t\t\t\t\t\t\t\t\t\t\t<\/div>\n\t\t\t\t<\/div>\n\t\t\t\t\t<\/div>\n\t\t<\/div>\n\t\t\t\t\t\t\t<\/div>\n\t\t<\/section>\n\t\t\t\t\t<\/div>\n\t\t<\/div>\n\t\t\t\t\t\t\t<\/div>\n\t\t<\/section>\n\t\t\t\t\t\t\t<\/div>\n\t\t","protected":false},"excerpt":{"rendered":"<p>Sourcing W Rekrutacjach Globalnych Wyzwania w sourcingu dla rekrutacji globalnych Je\u017celi chcesz wyprzedzi\u0107 swoj\u0105 konkurencj\u0119, przyci\u0105gni\u0119cie najbardziej utalentowanych pracownik\u00f3w jest kluczowe dla przysz\u0142o\u015bci twojej organizacji. Aby to zrobi\u0107, konieczne jest zastosowanie w\u0142a\u015bciwie dobranej strategii sourcingu kandydat\u00f3w.Warto pami\u0119ta\u0107, \u017ce zagraniczny kandydat najpewniej nie zna twojej firmy, st\u0105d odpowiednia forma komunikacji ma ogromny wp\u0142yw na efektywno\u015b\u0107 ca\u0142ej <a href=\"https:\/\/www.expertexecutiverecruiters.com\/pl\/sourcing\/\" class=\"more-link\">&#8230;<span class=\"screen-reader-text\">  Sourcing<\/span><\/a><\/p>\n","protected":false},"author":1,"featured_media":0,"parent":0,"menu_order":0,"comment_status":"closed","ping_status":"closed","template":"","meta":{"footnotes":""},"class_list":["post-2044","page","type-page","status-publish","hentry"],"acf":[],"yoast_head":"<!-- This site is optimized with the Yoast SEO plugin v22.9 - https:\/\/yoast.com\/wordpress\/plugins\/seo\/ -->\n<title>Sourcing | EER<\/title>\n<meta name=\"robots\" content=\"index, follow, max-snippet:-1, max-image-preview:large, max-video-preview:-1\" \/>\n<link rel=\"canonical\" href=\"https:\/\/www.expertexecutiverecruiters.com\/pl\/sourcing\/\" \/>\n<meta property=\"og:locale\" content=\"pl_PL\" \/>\n<meta property=\"og:type\" content=\"article\" \/>\n<meta property=\"og:title\" content=\"Sourcing | EER\" \/>\n<meta property=\"og:description\" content=\"Sourcing W Rekrutacjach Globalnych Wyzwania w sourcingu dla rekrutacji globalnych Je\u017celi chcesz wyprzedzi\u0107 swoj\u0105 konkurencj\u0119, przyci\u0105gni\u0119cie najbardziej utalentowanych pracownik\u00f3w jest kluczowe dla przysz\u0142o\u015bci twojej organizacji. Aby to zrobi\u0107, konieczne jest zastosowanie w\u0142a\u015bciwie dobranej strategii sourcingu kandydat\u00f3w.Warto pami\u0119ta\u0107, \u017ce zagraniczny kandydat najpewniej nie zna twojej firmy, st\u0105d odpowiednia forma komunikacji ma ogromny wp\u0142yw na efektywno\u015b\u0107 ca\u0142ej ... Sourcing\" \/>\n<meta property=\"og:url\" content=\"https:\/\/www.expertexecutiverecruiters.com\/pl\/sourcing\/\" \/>\n<meta property=\"og:site_name\" content=\"EER\" \/>\n<meta property=\"article:modified_time\" content=\"2023-01-31T11:00:08+00:00\" \/>\n<meta property=\"og:image\" content=\"https:\/\/www.expertexecutiverecruiters.com\/wp-content\/uploads\/2022\/04\/Sourcing.png\" \/>\n<meta name=\"twitter:card\" content=\"summary_large_image\" \/>\n<meta name=\"twitter:label1\" content=\"Szacowany czas czytania\" \/>\n\t<meta name=\"twitter:data1\" content=\"1 minuta\" \/>\n<script type=\"application\/ld+json\" class=\"yoast-schema-graph\">{\"@context\":\"https:\/\/schema.org\",\"@graph\":[{\"@type\":\"WebPage\",\"@id\":\"https:\/\/www.expertexecutiverecruiters.com\/pl\/sourcing\/\",\"url\":\"https:\/\/www.expertexecutiverecruiters.com\/pl\/sourcing\/\",\"name\":\"Sourcing | EER\",\"isPartOf\":{\"@id\":\"https:\/\/www.expertexecutiverecruiters.com\/pl\/#website\"},\"primaryImageOfPage\":{\"@id\":\"https:\/\/www.expertexecutiverecruiters.com\/pl\/sourcing\/#primaryimage\"},\"image\":{\"@id\":\"https:\/\/www.expertexecutiverecruiters.com\/pl\/sourcing\/#primaryimage\"},\"thumbnailUrl\":\"https:\/\/www.expertexecutiverecruiters.com\/wp-content\/uploads\/2022\/04\/Sourcing.png\",\"datePublished\":\"2022-04-11T06:10:08+00:00\",\"dateModified\":\"2023-01-31T11:00:08+00:00\",\"breadcrumb\":{\"@id\":\"https:\/\/www.expertexecutiverecruiters.com\/pl\/sourcing\/#breadcrumb\"},\"inLanguage\":\"pl-PL\",\"potentialAction\":[{\"@type\":\"ReadAction\",\"target\":[\"https:\/\/www.expertexecutiverecruiters.com\/pl\/sourcing\/\"]}]},{\"@type\":\"ImageObject\",\"inLanguage\":\"pl-PL\",\"@id\":\"https:\/\/www.expertexecutiverecruiters.com\/pl\/sourcing\/#primaryimage\",\"url\":\"https:\/\/www.expertexecutiverecruiters.com\/wp-content\/uploads\/2022\/04\/Sourcing.png\",\"contentUrl\":\"https:\/\/www.expertexecutiverecruiters.com\/wp-content\/uploads\/2022\/04\/Sourcing.png\"},{\"@type\":\"BreadcrumbList\",\"@id\":\"https:\/\/www.expertexecutiverecruiters.com\/pl\/sourcing\/#breadcrumb\",\"itemListElement\":[{\"@type\":\"ListItem\",\"position\":1,\"name\":\"Home\",\"item\":\"https:\/\/www.expertexecutiverecruiters.com\/pl\/\"},{\"@type\":\"ListItem\",\"position\":2,\"name\":\"Sourcing\"}]},{\"@type\":\"WebSite\",\"@id\":\"https:\/\/www.expertexecutiverecruiters.com\/pl\/#website\",\"url\":\"https:\/\/www.expertexecutiverecruiters.com\/pl\/\",\"name\":\"EER\",\"description\":\"Global Headhunting &amp; Recruitment Solutions\",\"publisher\":{\"@id\":\"https:\/\/www.expertexecutiverecruiters.com\/pl\/#organization\"},\"potentialAction\":[{\"@type\":\"SearchAction\",\"target\":{\"@type\":\"EntryPoint\",\"urlTemplate\":\"https:\/\/www.expertexecutiverecruiters.com\/pl\/?s={search_term_string}\"},\"query-input\":\"required name=search_term_string\"}],\"inLanguage\":\"pl-PL\"},{\"@type\":\"Organization\",\"@id\":\"https:\/\/www.expertexecutiverecruiters.com\/pl\/#organization\",\"name\":\"EER Global\",\"url\":\"https:\/\/www.expertexecutiverecruiters.com\/pl\/\",\"logo\":{\"@type\":\"ImageObject\",\"inLanguage\":\"pl-PL\",\"@id\":\"https:\/\/www.expertexecutiverecruiters.com\/pl\/#\/schema\/logo\/image\/\",\"url\":\"https:\/\/www.expertexecutiverecruiters.com\/wp-content\/uploads\/2022\/04\/logo.png\",\"contentUrl\":\"https:\/\/www.expertexecutiverecruiters.com\/wp-content\/uploads\/2022\/04\/logo.png\",\"width\":284,\"height\":98,\"caption\":\"EER Global\"},\"image\":{\"@id\":\"https:\/\/www.expertexecutiverecruiters.com\/pl\/#\/schema\/logo\/image\/\"}}]}<\/script>\n<!-- \/ Yoast SEO plugin. -->","yoast_head_json":{"title":"Sourcing | EER","robots":{"index":"index","follow":"follow","max-snippet":"max-snippet:-1","max-image-preview":"max-image-preview:large","max-video-preview":"max-video-preview:-1"},"canonical":"https:\/\/www.expertexecutiverecruiters.com\/pl\/sourcing\/","og_locale":"pl_PL","og_type":"article","og_title":"Sourcing | EER","og_description":"Sourcing W Rekrutacjach Globalnych Wyzwania w sourcingu dla rekrutacji globalnych Je\u017celi chcesz wyprzedzi\u0107 swoj\u0105 konkurencj\u0119, przyci\u0105gni\u0119cie najbardziej utalentowanych pracownik\u00f3w jest kluczowe dla przysz\u0142o\u015bci twojej organizacji. Aby to zrobi\u0107, konieczne jest zastosowanie w\u0142a\u015bciwie dobranej strategii sourcingu kandydat\u00f3w.Warto pami\u0119ta\u0107, \u017ce zagraniczny kandydat najpewniej nie zna twojej firmy, st\u0105d odpowiednia forma komunikacji ma ogromny wp\u0142yw na efektywno\u015b\u0107 ca\u0142ej ... Sourcing","og_url":"https:\/\/www.expertexecutiverecruiters.com\/pl\/sourcing\/","og_site_name":"EER","article_modified_time":"2023-01-31T11:00:08+00:00","og_image":[{"url":"https:\/\/www.expertexecutiverecruiters.com\/wp-content\/uploads\/2022\/04\/Sourcing.png"}],"twitter_card":"summary_large_image","twitter_misc":{"Szacowany czas czytania":"1 minuta"},"schema":{"@context":"https:\/\/schema.org","@graph":[{"@type":"WebPage","@id":"https:\/\/www.expertexecutiverecruiters.com\/pl\/sourcing\/","url":"https:\/\/www.expertexecutiverecruiters.com\/pl\/sourcing\/","name":"Sourcing | EER","isPartOf":{"@id":"https:\/\/www.expertexecutiverecruiters.com\/pl\/#website"},"primaryImageOfPage":{"@id":"https:\/\/www.expertexecutiverecruiters.com\/pl\/sourcing\/#primaryimage"},"image":{"@id":"https:\/\/www.expertexecutiverecruiters.com\/pl\/sourcing\/#primaryimage"},"thumbnailUrl":"https:\/\/www.expertexecutiverecruiters.com\/wp-content\/uploads\/2022\/04\/Sourcing.png","datePublished":"2022-04-11T06:10:08+00:00","dateModified":"2023-01-31T11:00:08+00:00","breadcrumb":{"@id":"https:\/\/www.expertexecutiverecruiters.com\/pl\/sourcing\/#breadcrumb"},"inLanguage":"pl-PL","potentialAction":[{"@type":"ReadAction","target":["https:\/\/www.expertexecutiverecruiters.com\/pl\/sourcing\/"]}]},{"@type":"ImageObject","inLanguage":"pl-PL","@id":"https:\/\/www.expertexecutiverecruiters.com\/pl\/sourcing\/#primaryimage","url":"https:\/\/www.expertexecutiverecruiters.com\/wp-content\/uploads\/2022\/04\/Sourcing.png","contentUrl":"https:\/\/www.expertexecutiverecruiters.com\/wp-content\/uploads\/2022\/04\/Sourcing.png"},{"@type":"BreadcrumbList","@id":"https:\/\/www.expertexecutiverecruiters.com\/pl\/sourcing\/#breadcrumb","itemListElement":[{"@type":"ListItem","position":1,"name":"Home","item":"https:\/\/www.expertexecutiverecruiters.com\/pl\/"},{"@type":"ListItem","position":2,"name":"Sourcing"}]},{"@type":"WebSite","@id":"https:\/\/www.expertexecutiverecruiters.com\/pl\/#website","url":"https:\/\/www.expertexecutiverecruiters.com\/pl\/","name":"EER","description":"Global Headhunting &amp; Recruitment Solutions","publisher":{"@id":"https:\/\/www.expertexecutiverecruiters.com\/pl\/#organization"},"potentialAction":[{"@type":"SearchAction","target":{"@type":"EntryPoint","urlTemplate":"https:\/\/www.expertexecutiverecruiters.com\/pl\/?s={search_term_string}"},"query-input":"required name=search_term_string"}],"inLanguage":"pl-PL"},{"@type":"Organization","@id":"https:\/\/www.expertexecutiverecruiters.com\/pl\/#organization","name":"EER Global","url":"https:\/\/www.expertexecutiverecruiters.com\/pl\/","logo":{"@type":"ImageObject","inLanguage":"pl-PL","@id":"https:\/\/www.expertexecutiverecruiters.com\/pl\/#\/schema\/logo\/image\/","url":"https:\/\/www.expertexecutiverecruiters.com\/wp-content\/uploads\/2022\/04\/logo.png","contentUrl":"https:\/\/www.expertexecutiverecruiters.com\/wp-content\/uploads\/2022\/04\/logo.png","width":284,"height":98,"caption":"EER Global"},"image":{"@id":"https:\/\/www.expertexecutiverecruiters.com\/pl\/#\/schema\/logo\/image\/"}}]}},"_links":{"self":[{"href":"https:\/\/www.expertexecutiverecruiters.com\/pl\/wp-json\/wp\/v2\/pages\/2044","targetHints":{"allow":["GET"]}}],"collection":[{"href":"https:\/\/www.expertexecutiverecruiters.com\/pl\/wp-json\/wp\/v2\/pages"}],"about":[{"href":"https:\/\/www.expertexecutiverecruiters.com\/pl\/wp-json\/wp\/v2\/types\/page"}],"author":[{"embeddable":true,"href":"https:\/\/www.expertexecutiverecruiters.com\/pl\/wp-json\/wp\/v2\/users\/1"}],"replies":[{"embeddable":true,"href":"https:\/\/www.expertexecutiverecruiters.com\/pl\/wp-json\/wp\/v2\/comments?post=2044"}],"version-history":[{"count":18,"href":"https:\/\/www.expertexecutiverecruiters.com\/pl\/wp-json\/wp\/v2\/pages\/2044\/revisions"}],"predecessor-version":[{"id":3851,"href":"https:\/\/www.expertexecutiverecruiters.com\/pl\/wp-json\/wp\/v2\/pages\/2044\/revisions\/3851"}],"wp:attachment":[{"href":"https:\/\/www.expertexecutiverecruiters.com\/pl\/wp-json\/wp\/v2\/media?parent=2044"}],"curies":[{"name":"wp","href":"https:\/\/api.w.org\/{rel}","templated":true}]}}